{"id":90,"date":"2018-10-24T13:56:49","date_gmt":"2018-10-24T13:56:49","guid":{"rendered":"http:\/\/www.terapiaharila.fi\/?page_id=90"},"modified":"2019-07-14T22:03:15","modified_gmt":"2019-07-14T22:03:15","slug":"terapeutti","status":"publish","type":"page","link":"https:\/\/www.terapiaharila.fi\/?page_id=90","title":{"rendered":"Min\u00e4"},"content":{"rendered":"<p>Olen valmistunut Oulun seudun ammattikorkeakoulusta 12.\/2007 ja ty\u00f6skennellyt Oulun<br \/>\nyliopistollisessa sairaalassa vuosina 2008-2016, jolloin paluumuutin perheeni kanssa Pelloon.<\/p>\n<p>Ty\u00f6skentelin aikuisten puolella vaativan kuntoutuksen osastolla ja<br \/>\nkuntoutustutkimuspoliklinikalla. Osaaminen painottuu asiakkaisiin, joilla on esim.<br \/>\naivoverenkiertoh\u00e4iri\u00f6,selk\u00e4ydinvaurio, aivovamma, komplisoitunut tuki- ja liikuntaelinvaiva tai<br \/>\nkipuoireisto, esim. CRPS. Kokemusta minulla on sek\u00e4 arvio- ett\u00e4 terapiaty\u00f6st\u00e4.<\/p>\n<p>Yksityissektorille olen siirtynyt kes\u00e4ll\u00e4 2018 ja toteutan toimintaterapiaa kotik\u00e4yntein\u00e4.<\/p>\n<p>Olen hankkinut t\u00e4ydennyskoulutusta mm.seuraaviin aiheisiin:<\/p>\n<ul>\n<li>Bobath-koulutus, aivovauriopotilaiden kuntoutumisen ja kuntoutuksen peruskurssi, Oulu 2011<\/li>\n<li>Peiliterapiakurssi, Oulu 2016<\/li>\n<li>Kipu ja liikkumisen pelko-seminaari, Helsinki\/Orton 2015<\/li>\n<li>lis\u00e4ksi useita koulutuksia liittyen neurologisten asiakkaiden kuntoutukseen<\/li>\n<\/ul>\n<div class=\"dc\">Von den <a href=\"https:\/\/schreib-essay.com\/masterarbeit\/\" target=\"_blank\" rel=\"noopener noreferrer\">masterarbeit schreiben lassen kosten<\/a> bewerberinnen und bewerbern mit vier semestern wartezeit konnten diejenigen ausgew\u00e4hlt werden, die mindestens eine durchschnittsnote von 3,6 hatten.<\/div>\n","protected":false},"excerpt":{"rendered":"<p>Olen valmistunut Oulun seudun ammattikorkeakoulusta 12.\/2007 ja ty\u00f6skennellyt Oulun yliopistollisessa sairaalassa vuosina 2008-2016, jolloin paluumuutin perheeni kanssa Pelloon. Ty\u00f6skentelin aikuisten puolella vaativan kuntoutuksen osastolla ja kuntoutustutkimuspoliklinikalla. Osaaminen painottuu asiakkaisiin, joilla on esim. aivoverenkiertoh\u00e4iri\u00f6,selk\u00e4ydinvaurio, aivovamma, komplisoitunut tuki- ja liikuntaelinvaiva tai kipuoireisto, esim. CRPS. Kokemusta minulla on sek\u00e4 arvio- ett\u00e4 terapiaty\u00f6st\u00e4. Yksityissektorille&#8230;<\/p>\n","protected":false},"author":1,"featured_media":0,"parent":0,"menu_order":0,"comment_status":"closed","ping_status":"closed","template":"","meta":[],"_links":{"self":[{"href":"https:\/\/www.terapiaharila.fi\/index.php?rest_route=\/wp\/v2\/pages\/90"}],"collection":[{"href":"https:\/\/www.terapiaharila.fi\/index.php?rest_route=\/wp\/v2\/pages"}],"about":[{"href":"https:\/\/www.terapiaharila.fi\/index.php?rest_route=\/wp\/v2\/types\/page"}],"author":[{"embeddable":true,"href":"https:\/\/www.terapiaharila.fi\/index.php?rest_route=\/wp\/v2\/users\/1"}],"replies":[{"embeddable":true,"href":"https:\/\/www.terapiaharila.fi\/index.php?rest_route=%2Fwp%2Fv2%2Fcomments&post=90"}],"version-history":[{"count":6,"href":"https:\/\/www.terapiaharila.fi\/index.php?rest_route=\/wp\/v2\/pages\/90\/revisions"}],"predecessor-version":[{"id":461,"href":"https:\/\/www.terapiaharila.fi\/index.php?rest_route=\/wp\/v2\/pages\/90\/revisions\/461"}],"wp:attachment":[{"href":"https:\/\/www.terapiaharila.fi\/index.php?rest_route=%2Fwp%2Fv2%2Fmedia&parent=90"}],"curies":[{"name":"wp","href":"https:\/\/api.w.org\/{rel}","templated":true}]}}