{"id":32,"date":"2018-10-23T20:32:25","date_gmt":"2018-10-23T20:32:25","guid":{"rendered":"http:\/\/www.terapiaharila.fi\/?page_id=32"},"modified":"2019-07-14T22:03:13","modified_gmt":"2019-07-14T22:03:13","slug":"mita-on-toimintaterapia","status":"publish","type":"page","link":"https:\/\/www.terapiaharila.fi\/?page_id=32","title":{"rendered":"Mit\u00e4 on toimintaterapia"},"content":{"rendered":"<p><span style=\"font-weight: 400;\">Toimintaterapia on l\u00e4\u00e4kinn\u00e4llist\u00e4 kuntoutusta, joka perustuu toiminnan terapeuttiseen k\u00e4ytt\u00f6\u00f6n sek\u00e4 toimintaterapeutin ja asiakkaan v\u00e4liseen yhteisty\u00f6h\u00f6n ja vuorovaikutukseen. Toimintaterapian tavoitteena on edist\u00e4\u00e4 asiakkaan toimintamahdollisuuksia niin, ett\u00e4 omatoiminen suoriutuminen arjessa, omassa toimintaymp\u00e4rist\u00f6ss\u00e4, mahdollistuu.Terapia on aina tavoitteellista ja tavoitteet laaditaan yhdess\u00e4 asiakkaan kanssa mitattavaan muotoon.<\/p>\n<p>Toimintaterapeutti on kuntoutusalan ammattilainen. Ammattinimike on Sosiaali- ja terveysalan lupa- ja valvontavirasto Valviran valvoma ja sit\u00e4 voi k\u00e4ytt\u00e4\u00e4 vain toimintaterapeutin ammattitutkinnon suorittanut henkil\u00f6.<\/p>\n<p>Kuntoutussuosituksen l\u00e4\u00e4kinn\u00e4lliseen kuntoutukseen tekee asiakkaan hoidosta vastaava kuntoutusty\u00f6ryhm\u00e4 ja\/tai l\u00e4\u00e4k\u00e4ri.<\/p>\n<p><\/span><\/p>\n<div class=\"dc\">There are numerous ways to connect with your literacy coach &#8211; the possibilities are truly <a href=\"https:\/\/paper-writer.org\/\">paper writers for hire<\/a> endless &#8211; but here are ten ideas to get you on the college helpers path to collaboration with your coach.<\/div>\n","protected":false},"excerpt":{"rendered":"<p>Toimintaterapia on l\u00e4\u00e4kinn\u00e4llist\u00e4 kuntoutusta, joka perustuu toiminnan terapeuttiseen k\u00e4ytt\u00f6\u00f6n sek\u00e4 toimintaterapeutin ja asiakkaan v\u00e4liseen yhteisty\u00f6h\u00f6n ja vuorovaikutukseen. Toimintaterapian tavoitteena on edist\u00e4\u00e4 asiakkaan toimintamahdollisuuksia niin, ett\u00e4 omatoiminen suoriutuminen arjessa, omassa toimintaymp\u00e4rist\u00f6ss\u00e4, mahdollistuu.Terapia on aina tavoitteellista ja tavoitteet laaditaan yhdess\u00e4 asiakkaan kanssa mitattavaan muotoon. Toimintaterapeutti on kuntoutusalan ammattilainen. Ammattinimike on Sosiaali- ja&#8230;<\/p>\n","protected":false},"author":1,"featured_media":0,"parent":0,"menu_order":0,"comment_status":"closed","ping_status":"closed","template":"","meta":[],"_links":{"self":[{"href":"https:\/\/www.terapiaharila.fi\/index.php?rest_route=\/wp\/v2\/pages\/32"}],"collection":[{"href":"https:\/\/www.terapiaharila.fi\/index.php?rest_route=\/wp\/v2\/pages"}],"about":[{"href":"https:\/\/www.terapiaharila.fi\/index.php?rest_route=\/wp\/v2\/types\/page"}],"author":[{"embeddable":true,"href":"https:\/\/www.terapiaharila.fi\/index.php?rest_route=\/wp\/v2\/users\/1"}],"replies":[{"embeddable":true,"href":"https:\/\/www.terapiaharila.fi\/index.php?rest_route=%2Fwp%2Fv2%2Fcomments&post=32"}],"version-history":[{"count":4,"href":"https:\/\/www.terapiaharila.fi\/index.php?rest_route=\/wp\/v2\/pages\/32\/revisions"}],"predecessor-version":[{"id":459,"href":"https:\/\/www.terapiaharila.fi\/index.php?rest_route=\/wp\/v2\/pages\/32\/revisions\/459"}],"wp:attachment":[{"href":"https:\/\/www.terapiaharila.fi\/index.php?rest_route=%2Fwp%2Fv2%2Fmedia&parent=32"}],"curies":[{"name":"wp","href":"https:\/\/api.w.org\/{rel}","templated":true}]}}